{"id":85,"date":"2025-01-29T07:12:15","date_gmt":"2025-01-29T07:12:15","guid":{"rendered":"https:\/\/formulacatering.pl\/about\/"},"modified":"2025-12-02T16:57:47","modified_gmt":"2025-12-02T13:57:47","slug":"o-nas","status":"publish","type":"page","link":"https:\/\/formulacatering.pl\/uk\/o-nas\/","title":{"rendered":"\u041f\u0420\u041e \u041d\u0410\u0421"},"content":{"rendered":"<div class=\"wp-block-uagb-container uagb-block-89d139e4 alignfull uagb-is-root-container\"><div class=\"uagb-container-inner-blocks-wrap\">\n<div class=\"wp-block-uagb-info-box uagb-block-23cffae8 uagb-infobox__content-wrap  uagb-infobox-icon-above-title uagb-infobox-image-valign-top\"><div class=\"uagb-ifb-content\"><div class=\"uagb-ifb-title-wrap\"><h2 class=\"uagb-ifb-title\">\u0406\u0434\u0435\u0430\u043b\u044c\u043d\u0435 \u0433\u0430\u0441\u0442\u0440\u043e\u043d\u043e\u043c\u0456\u0447\u043d\u0435 \u0440\u0456\u0448\u0435\u043d\u043d\u044f \u0434\u043b\u044f \u0432\u0430\u0448\u043e\u0433\u043e \u0437\u0430\u0445\u043e\u0434\u0443!<\/h2><\/div><p class=\"uagb-ifb-desc\">Formula \u2013 \u0431\u0456\u043b\u044c\u0448\u0435 \u043d\u0456\u0436 \u043a\u0435\u0439\u0442\u0435\u0440\u0438\u043d\u0433.<\/p><\/div><\/div>\n\n\n\n<div class=\"wp-block-uagb-container uagb-layout-grid uagb-block-7d5a5c0f\">\n<div class=\"wp-block-uagb-image alignleft uagb-block-7bede31d wp-block-uagb-image--layout-default wp-block-uagb-image--effect-static wp-block-uagb-image--align-left animated fadeIn\"><figure class=\"wp-block-uagb-image__figure\"><img decoding=\"async\" srcset=\"https:\/\/formulacatering.pl\/wp-content\/uploads\/2025\/09\/DSC03880-577x1024.png ,https:\/\/formulacatering.pl\/wp-content\/uploads\/2025\/09\/DSC03880.png 780w, https:\/\/formulacatering.pl\/wp-content\/uploads\/2025\/09\/DSC03880.png 360w\" sizes=\"auto, (max-width: 480px) 150px\" src=\"https:\/\/formulacatering.pl\/wp-content\/uploads\/2025\/09\/DSC03880-577x1024.png\" alt=\"\" class=\"uag-image-873\" width=\"300\" height=\"400\" title=\"DSC03880\" loading=\"lazy\" role=\"img\"\/><\/figure><\/div>\n\n\n\n<div class=\"wp-block-uagb-image uagb-block-a140edbd wp-block-uagb-image--layout-default wp-block-uagb-image--effect-static wp-block-uagb-image--align-none animated fadeIn delay-100ms uag-hide-mob\"><figure class=\"wp-block-uagb-image__figure\"><img decoding=\"async\" srcset=\"https:\/\/formulacatering.pl\/wp-content\/uploads\/2025\/01\/pexels-photo-19869798-683x1024.jpeg ,https:\/\/formulacatering.pl\/wp-content\/uploads\/2025\/01\/pexels-photo-19869798.jpeg 780w, https:\/\/formulacatering.pl\/wp-content\/uploads\/2025\/01\/pexels-photo-19869798.jpeg 360w\" sizes=\"auto, (max-width: 480px) 150px\" src=\"https:\/\/formulacatering.pl\/wp-content\/uploads\/2025\/01\/pexels-photo-19869798-683x1024.jpeg\" alt=\"Beautifully arranged gourmet finger foods at an outdoor wedding reception in a garden setting.\" class=\"uag-image-26\" width=\"600\" height=\"400\" title=\"pexels-photo-19869798\" loading=\"lazy\" role=\"img\"\/><\/figure><\/div>\n\n\n\n<div class=\"wp-block-uagb-image alignright uagb-block-e372b224 wp-block-uagb-image--layout-default wp-block-uagb-image--effect-static wp-block-uagb-image--align-right animated fadeIn delay-200ms\"><figure class=\"wp-block-uagb-image__figure\"><img decoding=\"async\" srcset=\"https:\/\/formulacatering.pl\/wp-content\/uploads\/2025\/01\/pexels-photo-27259165-683x1024.jpeg ,https:\/\/formulacatering.pl\/wp-content\/uploads\/2025\/01\/pexels-photo-27259165.jpeg 780w, https:\/\/formulacatering.pl\/wp-content\/uploads\/2025\/01\/pexels-photo-27259165.jpeg 360w\" sizes=\"auto, (max-width: 480px) 150px\" src=\"https:\/\/formulacatering.pl\/wp-content\/uploads\/2025\/01\/pexels-photo-27259165-683x1024.jpeg\" alt=\"A beautifully arranged buffet of assorted finger foods in an upscale restaurant setting.\" class=\"uag-image-31\" width=\"300\" height=\"400\" title=\"pexels-photo-27259165\" loading=\"lazy\" role=\"img\"\/><\/figure><\/div>\n<\/div>\n<\/div><\/div>\n\n\n\n<div class=\"wp-block-uagb-container animated fadeInUp uagb-block-faa9c9fa alignfull uagb-is-root-container\"><div class=\"uagb-container-inner-blocks-wrap\">\n<div class=\"wp-block-uagb-info-box uagb-block-24d9bd84 uagb-infobox__content-wrap  uagb-infobox-icon-above-title uagb-infobox-image-valign-top\"><div class=\"uagb-ifb-content\"><div class=\"uagb-ifb-title-wrap\"><h2 class=\"uagb-ifb-title\">\u0427\u043e\u043c\u0443 Formula?<\/h2><\/div><p class=\"uagb-ifb-desc\">Formula \u2013 \u0431\u0456\u043b\u044c\u0448\u0435 \u043d\u0456\u0436 \u043a\u0435\u0439\u0442\u0435\u0440\u0438\u043d\u0433. \u0426\u0435 \u0433\u0430\u0440\u0430\u043d\u0442\u0456\u044f \u044f\u043a\u043e\u0441\u0442\u0456 \u0442\u0430 \u0441\u0432\u0456\u0436\u043e\u0441\u0442\u0456.<\/p><\/div><\/div>\n\n\n\n<div class=\"wp-block-uagb-container uagb-layout-grid uagb-block-643cf3a1\">\n<div class=\"wp-block-uagb-container animated fadeIn o-anim-custom-delay undefined o-anim-value-delay-100ms uagb-block-1c9de4ea\">\n<div class=\"wp-block-uagb-info-box uagb-block-12cb8994 uagb-infobox__content-wrap  uagb-infobox-icon-above-title uagb-infobox-image-valign-top\"><div class=\"uagb-ifb-content\"><div class=\"uagb-ifb-title-wrap\"><span class=\"uagb-ifb-title-prefix\">01<\/span><h3 class=\"uagb-ifb-title\">\u041d\u0430\u0439\u0432\u0438\u0449\u0430 \u044f\u043a\u0456\u0441\u0442\u044c \u0456\u043d\u0433\u0440\u0435\u0434\u0456\u0454\u043d\u0442\u0456\u0432<\/h3><\/div><p class=\"uagb-ifb-desc\">\u041c\u0438 \u0432\u0438\u043a\u043e\u0440\u0438\u0441\u0442\u043e\u0432\u0443\u0454\u043c\u043e \u043b\u0438\u0448\u0435 \u0440\u0435\u0442\u0435\u043b\u044c\u043d\u043e \u0432\u0456\u0434\u0456\u0431\u0440\u0430\u043d\u0456, \u0441\u0432\u0456\u0436\u0456 \u043f\u0440\u043e\u0434\u0443\u043a\u0442\u0438 \u0432\u0456\u0434 \u043c\u0456\u0441\u0446\u0435\u0432\u0438\u0445 \u043f\u043e\u0441\u0442\u0430\u0447\u0430\u043b\u044c\u043d\u0438\u043a\u0456\u0432.<\/p><\/div><\/div>\n<\/div>\n\n\n\n<div class=\"wp-block-uagb-container animated fadeIn o-anim-custom-delay undefined o-anim-value-delay-200ms uagb-block-6ac61376\">\n<div class=\"wp-block-uagb-info-box uagb-block-0eb9bd5c uagb-infobox__content-wrap  uagb-infobox-icon-above-title uagb-infobox-image-valign-top\"><div class=\"uagb-ifb-content\"><div class=\"uagb-ifb-title-wrap\"><span class=\"uagb-ifb-title-prefix\">02<\/span><h3 class=\"uagb-ifb-title\">\u0411\u0435\u0437 \u043d\u0430\u043f\u0456\u0432\u0444\u0430\u0431\u0440\u0438\u043a\u0430\u0442\u0443<\/h3><\/div><p class=\"uagb-ifb-desc\">\u041c\u0438 \u043d\u0435 \u0432\u0438\u043a\u043e\u0440\u0438\u0441\u0442\u043e\u0432\u0443\u0454\u043c\u043e \u0433\u043e\u0442\u043e\u0432\u0456 \u0440\u0456\u0448\u0435\u043d\u043d\u044f \u2013 \u0432\u0441\u0435 \u0433\u043e\u0442\u0443\u0454\u043c\u043e \u0441\u0430\u043c\u0456, \u0431\u0435\u0437\u043f\u043e\u0441\u0435\u0440\u0435\u0434\u043d\u044c\u043e \u043f\u0435\u0440\u0435\u0434 \u0434\u043e\u0441\u0442\u0430\u0432\u043a\u043e\u044e.<\/p><\/div><\/div>\n<\/div>\n\n\n\n<div class=\"wp-block-uagb-container animated fadeIn o-anim-custom-delay undefined o-anim-value-delay-300ms uagb-block-14f27f2e\">\n<div class=\"wp-block-uagb-info-box uagb-block-bdfb886d uagb-infobox__content-wrap  uagb-infobox-icon-above-title uagb-infobox-image-valign-top\"><div class=\"uagb-ifb-content\"><div class=\"uagb-ifb-title-wrap\"><span class=\"uagb-ifb-title-prefix\">03<\/span><h3 class=\"uagb-ifb-title\">\u0420\u0443\u0447\u043d\u0430 \u0440\u043e\u0431\u043e\u0442\u0430 \u0437 \u0434\u0443\u0448\u0435\u044e<\/h3><\/div><p class=\"uagb-ifb-desc\">\u041a\u043e\u0436\u043d\u0443 \u0441\u0442\u0440\u0430\u0432\u0443 \u0433\u043e\u0442\u0443\u044e\u0442\u044c \u043d\u0430\u0448\u0456 \u0434\u043e\u0441\u0432\u0456\u0434\u0447\u0435\u043d\u0456 \u043a\u0443\u0445\u0430\u0440\u0456, \u0437 \u0442\u0443\u0440\u0431\u043e\u0442\u043e\u044e \u043f\u0440\u043e \u043a\u043e\u0436\u043d\u0443 \u0434\u0435\u0442\u0430\u043b\u044c.<\/p><\/div><\/div>\n<\/div>\n\n\n\n<div class=\"wp-block-uagb-container animated fadeIn o-anim-custom-delay undefined o-anim-value-delay-400ms uagb-block-292bf620\">\n<div class=\"wp-block-uagb-info-box uagb-block-b93eac5d uagb-infobox__content-wrap  uagb-infobox-icon-above-title uagb-infobox-image-valign-top\"><div class=\"uagb-ifb-content\"><div class=\"uagb-ifb-title-wrap\"><span class=\"uagb-ifb-title-prefix\">04<\/span><h3 class=\"uagb-ifb-title\">\u041c\u0430\u043a\u0441\u0438\u043c\u0430\u043b\u044c\u043d\u0430 \u0441\u0432\u0456\u0436\u0456\u0441\u0442\u044c<\/h3><\/div><p class=\"uagb-ifb-desc\">\u041c\u0438 \u0434\u043e\u0441\u0442\u0430\u0432\u043b\u044f\u0454\u043c\u043e \u0457\u0436\u0443 \u043e\u0434\u0440\u0430\u0437\u0443 \u043f\u0456\u0441\u043b\u044f \u043f\u0440\u0438\u0433\u043e\u0442\u0443\u0432\u0430\u043d\u043d\u044f, \u0449\u043e\u0431 \u0437\u0431\u0435\u0440\u0435\u0433\u0442\u0438 \u043f\u043e\u0432\u043d\u0438\u0439 \u0441\u043c\u0430\u043a \u0442\u0430 \u043f\u043e\u0436\u0438\u0432\u043d\u0456 \u0432\u043b\u0430\u0441\u0442\u0438\u0432\u043e\u0441\u0442\u0456.<\/p><\/div><\/div>\n<\/div>\n<\/div>\n<\/div><\/div>\n\n\n\n<div class=\"wp-block-uagb-container uagb-layout-grid uagb-block-d76ef340 alignfull uagb-is-root-container\"><div class=\"uagb-container-inner-blocks-wrap\">\n<div class=\"wp-block-uagb-info-box uagb-block-5a359e48 uagb-infobox__content-wrap  uagb-infobox-icon-above-title uagb-infobox-image-valign-top\"><div class=\"uagb-ifb-content\"><div class=\"uagb-ifb-title-wrap\"><h2 class=\"uagb-ifb-title\">Formula <br>\u043d\u0430 \u0432\u0430\u0448\u0456 \u0441\u0432\u044f\u0442\u0430 <br>\u0442\u0430 \u0443\u0440\u043e\u0447\u0438\u0441\u0442\u043e\u0441\u0442\u0456<\/h2><\/div><p class=\"uagb-ifb-desc\">\u00abFormula\u00bb \u0442\u0430\u043a\u043e\u0436 \u043f\u0440\u043e\u043f\u043e\u043d\u0443\u0454 \u043a\u0435\u0439\u0442\u0435\u0440\u0438\u043d\u0433 \u0456 \u043e\u0440\u0433\u0430\u043d\u0456\u0437\u0430\u0446\u0456\u044e \u0432\u0435\u0447\u0456\u0440\u043e\u043a, \u0434\u043d\u0456\u0432 \u043d\u0430\u0440\u043e\u0434\u0436\u0435\u043d\u044c \u0442\u0430 \u043a\u043e\u0440\u043f\u043e\u0440\u0430\u0442\u0438\u0432\u0456\u0432. \u041c\u0438 \u0433\u043e\u0442\u0443\u0454\u043c\u043e \u0437\u0430\u043a\u0443\u0441\u043a\u0438, \u0442\u0435\u043c\u0430\u0442\u0438\u0447\u043d\u0456 \u0442\u043e\u0440\u0442\u0438, \u0430 \u0442\u0430\u043a\u043e\u0436 \u0441\u0432\u044f\u0442\u043a\u043e\u0432\u0456 \u0439 \u0441\u0435\u0437\u043e\u043d\u043d\u0456 \u043c\u0435\u043d\u044e. \u0414\u043e\u0434\u0430\u0442\u043a\u043e\u0432\u043e \u0437\u0430\u0439\u043c\u0430\u0454\u043c\u043e\u0441\u044c \u043e\u0444\u043e\u0440\u043c\u043b\u0435\u043d\u043d\u044f\u043c \u043a\u043e\u0440\u043f\u043e\u0440\u0430\u0442\u0438\u0432\u043d\u0438\u0445 \u043f\u043e\u0434\u0430\u0440\u0443\u043d\u043a\u0456\u0432.<br><br>\u041a\u043e\u043b\u0438 \u0457\u0436\u0430 \u2014 \u0446\u0435 \u043d\u0435 \u043f\u0440\u043e\u0441\u0442\u043e \u0457\u0436\u0430, \u0430 \u043a\u043e\u043c\u0444\u043e\u0440\u0442 \u0443 \u043a\u043e\u0436\u043d\u0456\u0439 \u0434\u0435\u0442\u0430\u043b\u0456! \u041a\u043e\u0436\u043d\u0430 \u0441\u0442\u0440\u0430\u0432\u0430 \u0440\u0435\u0442\u0435\u043b\u044c\u043d\u043e \u0437\u0430\u043f\u0430\u043a\u043e\u0432\u0430\u043d\u0430, \u043f\u0456\u0434\u043f\u0438\u0441\u0430\u043d\u0430 \u0439 \u0433\u043e\u0442\u043e\u0432\u0430 \u0434\u043e \u043f\u043e\u0434\u0430\u0447\u0456. \u0417\u0430\u043b\u0438\u0448\u0430\u0454\u0442\u044c\u0441\u044f \u043b\u0438\u0448\u0435 \u043d\u0430\u0441\u043e\u043b\u043e\u0434\u0436\u0443\u0432\u0430\u0442\u0438\u0441\u044c \u0441\u043c\u0430\u043a\u043e\u043c!&nbsp;<\/p><\/div><\/div>\n\n\n\n<div class=\"wp-block-uagb-image alignleft uagb-block-8bf7490f wp-block-uagb-image--layout-default wp-block-uagb-image--effect-static wp-block-uagb-image--align-left animated fadeIn delay-100ms\"><figure class=\"wp-block-uagb-image__figure\"><img decoding=\"async\" srcset=\"https:\/\/formulacatering.pl\/wp-content\/uploads\/2025\/01\/pexels-photo-15120599.jpeg ,https:\/\/formulacatering.pl\/wp-content\/uploads\/2025\/01\/pexels-photo-15120599.jpeg 780w, https:\/\/formulacatering.pl\/wp-content\/uploads\/2025\/01\/pexels-photo-15120599.jpeg 360w\" sizes=\"auto, (max-width: 480px) 150px\" src=\"https:\/\/formulacatering.pl\/wp-content\/uploads\/2025\/01\/pexels-photo-15120599.jpeg\" alt=\"\" class=\"uag-image-20\" width=\"700\" height=\"450\" title=\"our-place\" loading=\"lazy\" role=\"img\"\/><\/figure><\/div>\n<\/div><\/div>\n\n\n\n<div class=\"wp-block-uagb-container animated fadeIn uagb-block-09b5cfae default uagb-is-root-container\">\n<div class=\"wp-block-uagb-info-box uagb-block-fad3b98a uagb-infobox__content-wrap  uagb-infobox-icon-above-title uagb-infobox-image-valign-top wp-block-uagb-info-box--has-margin\"><div class=\"uagb-infobox-margin-wrapper\"><div class=\"uagb-ifb-content\"><div class=\"uagb-ifb-title-wrap\"><h2 class=\"uagb-ifb-title\">\u0417\u0430\u043f\u043b\u0430\u043d\u0443\u0439\u0442\u0435 \u0441\u0432\u043e\u044e \u043f\u043e\u0434\u0456\u044e \u0437 \u043d\u0430\u043c\u0438<\/h2><\/div><p class=\"uagb-ifb-desc\">\u041d\u0435 \u0432\u0456\u0434\u043a\u043b\u0430\u0434\u0430\u0439\u0442\u0435! \u0417\u0432'\u044f\u0436\u0456\u0442\u044c\u0441\u044f \u0437 \u043d\u0430\u043c\u0438, \u0449\u043e\u0431 \u043e\u0431\u0433\u043e\u0432\u043e\u0440\u0438\u0442\u0438 \u0434\u0435\u0442\u0430\u043b\u0456 \u0442\u0430 \u0441\u0442\u0432\u043e\u0440\u0438\u0442\u0438 \u0443\u043d\u0456\u043a\u0430\u043b\u044c\u043d\u0435 \u043c\u0435\u043d\u044e \u0434\u043b\u044f \u0432\u0430\u0448\u043e\u0433\u043e \u0437\u0430\u0445\u043e\u0434\u0443.<\/p><div class=\"uagb-ifb-button-wrapper wp-block-button\"><a href=\"\/uk\/kontakt\/\" class=\"uagb-infobox-cta-link wp-block-button__link\" target=\"_self\" rel=\"noopener noreferrer\" onclick=\"return true;\"><span class=\"uagb-inline-editing\">\u0417\u0430\u043c\u043e\u0432\u0438\u0442\u0438 \u0437\u0430\u0440\u0430\u0437<\/span><\/a><\/div><\/div><\/div><\/div>\n<\/div>","protected":false},"excerpt":{"rendered":"","protected":false},"author":1,"featured_media":0,"parent":0,"menu_order":0,"comment_status":"closed","ping_status":"closed","template":"","meta":{"_uag_custom_page_level_css":"","site-sidebar-layout":"default","site-content-layout":"","ast-site-content-layout":"default","site-content-style":"default","site-sidebar-style":"default","ast-global-header-display":"","ast-banner-title-visibility":"","ast-main-header-display":"","ast-hfb-above-header-display":"","ast-hfb-below-header-display":"","ast-hfb-mobile-header-display":"","site-post-title":"disabled","ast-breadcrumbs-content":"","ast-featured-img":"","footer-sml-layout":"","theme-transparent-header-meta":"","adv-header-id-meta":"","stick-header-meta":"","header-above-stick-meta":"","header-main-stick-meta":"","header-below-stick-meta":"","astra-migrate-meta-layouts":"default","ast-page-background-enabled":"default","ast-page-background-meta":{"desktop":{"background-color":"var(--ast-global-color-4)","background-image":"","background-repeat":"repeat","background-position":"center center","background-size":"auto","background-attachment":"scroll","background-type":"","background-media":"","overlay-type":"","overlay-color":"","overlay-opacity":"","overlay-gradient":""},"tablet":{"background-color":"","background-image":"","background-repeat":"repeat","background-position":"center center","background-size":"auto","background-attachment":"scroll","background-type":"","background-media":"","overlay-type":"","overlay-color":"","overlay-opacity":"","overlay-gradient":""},"mobile":{"background-color":"","background-image":"","background-repeat":"repeat","background-position":"center center","background-size":"auto","background-attachment":"scroll","background-type":"","background-media":"","overlay-type":"","overlay-color":"","overlay-opacity":"","overlay-gradient":""}},"ast-content-background-meta":{"desktop":{"background-color":"var(--ast-global-color-5)","background-image":"","background-repeat":"repeat","background-position":"center center","background-size":"auto","background-attachment":"scroll","background-type":"","background-media":"","overlay-type":"","overlay-color":"","overlay-opacity":"","overlay-gradient":""},"tablet":{"background-color":"var(--ast-global-color-5)","background-image":"","background-repeat":"repeat","background-position":"center center","background-size":"auto","background-attachment":"scroll","background-type":"","background-media":"","overlay-type":"","overlay-color":"","overlay-opacity":"","overlay-gradient":""},"mobile":{"background-color":"var(--ast-global-color-5)","background-image":"","background-repeat":"repeat","background-position":"center center","background-size":"auto","background-attachment":"scroll","background-type":"","background-media":"","overlay-type":"","overlay-color":"","overlay-opacity":"","overlay-gradient":""}},"_themeisle_gutenberg_block_has_review":false,"footnotes":""},"class_list":["post-85","page","type-page","status-publish","hentry"],"yoast_head":"<!-- This site is optimized with the Yoast SEO plugin v26.5 - https:\/\/yoast.com\/wordpress\/plugins\/seo\/ -->\n<title>O NAS -<\/title>\n<meta name=\"description\" content=\"Torty, ciasta i candy bary na zam\u00f3wienie w Warszawie. Zdrowe, \u015bwie\u017ce obiady dla firm. Catering na eventy w Warszawie.\" \/>\n<meta name=\"robots\" content=\"index, follow, max-snippet:-1, max-image-preview:large, max-video-preview:-1\" \/>\n<link rel=\"canonical\" href=\"https:\/\/formulacatering.pl\/uk\/o-nas\/\" \/>\n<meta property=\"og:locale\" content=\"uk_UA\" \/>\n<meta property=\"og:type\" content=\"article\" \/>\n<meta property=\"og:title\" content=\"O NAS -\" \/>\n<meta property=\"og:description\" content=\"Torty, ciasta i candy bary na zam\u00f3wienie w Warszawie. Zdrowe, \u015bwie\u017ce obiady dla firm. Catering na eventy w Warszawie.\" \/>\n<meta property=\"og:url\" content=\"https:\/\/formulacatering.pl\/uk\/o-nas\/\" \/>\n<meta property=\"article:modified_time\" content=\"2025-12-02T13:57:47+00:00\" \/>\n<meta property=\"og:image\" content=\"https:\/\/formulacatering.pl\/wp-content\/uploads\/2025\/09\/DSC03880-577x1024.png\" \/>\n<meta name=\"twitter:card\" content=\"summary_large_image\" \/>\n<meta name=\"twitter:label1\" content=\"\u041f\u0440\u0438\u0431\u043b. \u0447\u0430\u0441 \u0447\u0438\u0442\u0430\u043d\u043d\u044f\" \/>\n\t<meta name=\"twitter:data1\" content=\"2 \u0445\u0432\u0438\u043b\u0438\u043d\u0438\" \/>\n<script type=\"application\/ld+json\" class=\"yoast-schema-graph\">{\"@context\":\"https:\/\/schema.org\",\"@graph\":[{\"@type\":\"WebPage\",\"@id\":\"https:\/\/formulacatering.pl\/o-nas\/\",\"url\":\"https:\/\/formulacatering.pl\/o-nas\/\",\"name\":\"O NAS -\",\"isPartOf\":{\"@id\":\"https:\/\/formulacatering.pl\/#website\"},\"primaryImageOfPage\":{\"@id\":\"https:\/\/formulacatering.pl\/o-nas\/#primaryimage\"},\"image\":{\"@id\":\"https:\/\/formulacatering.pl\/o-nas\/#primaryimage\"},\"thumbnailUrl\":\"https:\/\/formulacatering.pl\/wp-content\/uploads\/2025\/09\/DSC03880-577x1024.png\",\"datePublished\":\"2025-01-29T07:12:15+00:00\",\"dateModified\":\"2025-12-02T13:57:47+00:00\",\"description\":\"Torty, ciasta i candy bary na zam\u00f3wienie w Warszawie. Zdrowe, \u015bwie\u017ce obiady dla firm. Catering na eventy w Warszawie.\",\"breadcrumb\":{\"@id\":\"https:\/\/formulacatering.pl\/o-nas\/#breadcrumb\"},\"inLanguage\":\"uk\",\"potentialAction\":[{\"@type\":\"ReadAction\",\"target\":[\"https:\/\/formulacatering.pl\/o-nas\/\"]}]},{\"@type\":\"ImageObject\",\"inLanguage\":\"uk\",\"@id\":\"https:\/\/formulacatering.pl\/o-nas\/#primaryimage\",\"url\":\"https:\/\/formulacatering.pl\/wp-content\/uploads\/2025\/09\/DSC03880-577x1024.png\",\"contentUrl\":\"https:\/\/formulacatering.pl\/wp-content\/uploads\/2025\/09\/DSC03880-577x1024.png\"},{\"@type\":\"BreadcrumbList\",\"@id\":\"https:\/\/formulacatering.pl\/o-nas\/#breadcrumb\",\"itemListElement\":[{\"@type\":\"ListItem\",\"position\":1,\"name\":\"Home\",\"item\":\"https:\/\/formulacatering.pl\/\"},{\"@type\":\"ListItem\",\"position\":2,\"name\":\"O NAS\"}]},{\"@type\":\"WebSite\",\"@id\":\"https:\/\/formulacatering.pl\/#website\",\"url\":\"https:\/\/formulacatering.pl\/\",\"name\":\"\",\"description\":\"\",\"potentialAction\":[{\"@type\":\"SearchAction\",\"target\":{\"@type\":\"EntryPoint\",\"urlTemplate\":\"https:\/\/formulacatering.pl\/?s={search_term_string}\"},\"query-input\":{\"@type\":\"PropertyValueSpecification\",\"valueRequired\":true,\"valueName\":\"search_term_string\"}}],\"inLanguage\":\"uk\"}]}<\/script>\n<!-- \/ Yoast SEO plugin. -->","yoast_head_json":{"title":"O NAS -","description":"Torty, ciasta i candy bary na zam\u00f3wienie w Warszawie. Zdrowe, \u015bwie\u017ce obiady dla firm. Catering na eventy w Warszawie.","robots":{"index":"index","follow":"follow","max-snippet":"max-snippet:-1","max-image-preview":"max-image-preview:large","max-video-preview":"max-video-preview:-1"},"canonical":"https:\/\/formulacatering.pl\/uk\/o-nas\/","og_locale":"uk_UA","og_type":"article","og_title":"O NAS -","og_description":"Torty, ciasta i candy bary na zam\u00f3wienie w Warszawie. Zdrowe, \u015bwie\u017ce obiady dla firm. Catering na eventy w Warszawie.","og_url":"https:\/\/formulacatering.pl\/uk\/o-nas\/","article_modified_time":"2025-12-02T13:57:47+00:00","og_image":[{"url":"https:\/\/formulacatering.pl\/wp-content\/uploads\/2025\/09\/DSC03880-577x1024.png","type":"","width":"","height":""}],"twitter_card":"summary_large_image","twitter_misc":{"\u041f\u0440\u0438\u0431\u043b. \u0447\u0430\u0441 \u0447\u0438\u0442\u0430\u043d\u043d\u044f":"2 \u0445\u0432\u0438\u043b\u0438\u043d\u0438"},"schema":{"@context":"https:\/\/schema.org","@graph":[{"@type":"WebPage","@id":"https:\/\/formulacatering.pl\/o-nas\/","url":"https:\/\/formulacatering.pl\/o-nas\/","name":"O NAS -","isPartOf":{"@id":"https:\/\/formulacatering.pl\/#website"},"primaryImageOfPage":{"@id":"https:\/\/formulacatering.pl\/o-nas\/#primaryimage"},"image":{"@id":"https:\/\/formulacatering.pl\/o-nas\/#primaryimage"},"thumbnailUrl":"https:\/\/formulacatering.pl\/wp-content\/uploads\/2025\/09\/DSC03880-577x1024.png","datePublished":"2025-01-29T07:12:15+00:00","dateModified":"2025-12-02T13:57:47+00:00","description":"Torty, ciasta i candy bary na zam\u00f3wienie w Warszawie. Zdrowe, \u015bwie\u017ce obiady dla firm. Catering na eventy w Warszawie.","breadcrumb":{"@id":"https:\/\/formulacatering.pl\/o-nas\/#breadcrumb"},"inLanguage":"uk","potentialAction":[{"@type":"ReadAction","target":["https:\/\/formulacatering.pl\/o-nas\/"]}]},{"@type":"ImageObject","inLanguage":"uk","@id":"https:\/\/formulacatering.pl\/o-nas\/#primaryimage","url":"https:\/\/formulacatering.pl\/wp-content\/uploads\/2025\/09\/DSC03880-577x1024.png","contentUrl":"https:\/\/formulacatering.pl\/wp-content\/uploads\/2025\/09\/DSC03880-577x1024.png"},{"@type":"BreadcrumbList","@id":"https:\/\/formulacatering.pl\/o-nas\/#breadcrumb","itemListElement":[{"@type":"ListItem","position":1,"name":"Home","item":"https:\/\/formulacatering.pl\/"},{"@type":"ListItem","position":2,"name":"O NAS"}]},{"@type":"WebSite","@id":"https:\/\/formulacatering.pl\/#website","url":"https:\/\/formulacatering.pl\/","name":"","description":"","potentialAction":[{"@type":"SearchAction","target":{"@type":"EntryPoint","urlTemplate":"https:\/\/formulacatering.pl\/?s={search_term_string}"},"query-input":{"@type":"PropertyValueSpecification","valueRequired":true,"valueName":"search_term_string"}}],"inLanguage":"uk"}]}},"uagb_featured_image_src":{"full":false,"thumbnail":false,"medium":false,"medium_large":false,"large":false,"1536x1536":false,"2048x2048":false,"trp-custom-language-flag":false},"uagb_author_info":{"display_name":"shakhil","author_link":"https:\/\/formulacatering.pl\/uk\/author\/shakhil\/"},"uagb_comment_info":0,"uagb_excerpt":null,"_links":{"self":[{"href":"https:\/\/formulacatering.pl\/uk\/wp-json\/wp\/v2\/pages\/85","targetHints":{"allow":["GET"]}}],"collection":[{"href":"https:\/\/formulacatering.pl\/uk\/wp-json\/wp\/v2\/pages"}],"about":[{"href":"https:\/\/formulacatering.pl\/uk\/wp-json\/wp\/v2\/types\/page"}],"author":[{"embeddable":true,"href":"https:\/\/formulacatering.pl\/uk\/wp-json\/wp\/v2\/users\/1"}],"replies":[{"embeddable":true,"href":"https:\/\/formulacatering.pl\/uk\/wp-json\/wp\/v2\/comments?post=85"}],"version-history":[{"count":7,"href":"https:\/\/formulacatering.pl\/uk\/wp-json\/wp\/v2\/pages\/85\/revisions"}],"predecessor-version":[{"id":930,"href":"https:\/\/formulacatering.pl\/uk\/wp-json\/wp\/v2\/pages\/85\/revisions\/930"}],"wp:attachment":[{"href":"https:\/\/formulacatering.pl\/uk\/wp-json\/wp\/v2\/media?parent=85"}],"curies":[{"name":"wp","href":"https:\/\/api.w.org\/{rel}","templated":true}]}}